{"id":9344,"date":"2019-02-15T06:23:25","date_gmt":"2019-02-15T06:23:25","guid":{"rendered":"https:\/\/www.pixeltemplate.com\/wordpress\/WP_MS01\/megamall\/?page_id=9344"},"modified":"2023-09-11T19:11:40","modified_gmt":"2023-09-11T17:11:40","slug":"terms-conditions","status":"publish","type":"page","link":"https:\/\/audio-systems.com.pl\/en\/terms-conditions\/","title":{"rendered":"Terms &amp; Conditions"},"content":{"rendered":"<div class=\"vc_row wpb_row vc_row-fluid\"><div class=\"wpb_column vc_column_container vc_col-sm-12\"><div class=\"vc_column-inner\"><div class=\"wpb_wrapper\">\n\t<div class=\"wpb_text_column wpb_content_element\" >\n\t\t<div class=\"wpb_wrapper\">\n\t\t\t<p>Regulamin sklepu internetowego: Audio-Systems.com.pl<\/p>\n<p>&nbsp;<\/p>\n<p>I. Definicje<\/p>\n<p>U\u017cyte w Regulaminie poj\u0119cia oznaczaj\u0105:<\/p>\n<p>1. Klient \u2013 osoba fizyczna, osoba prawna lub jednostka organizacyjna nie b\u0119d\u0105c\u0105 osob\u0105 prawn\u0105, kt\u00f3rej przepisy szczeg\u00f3lne przyznaj\u0105 zdolno\u015b\u0107 prawn\u0105, kt\u00f3ra dokonuje Zam\u00f3wienia w ramach Sklepu;<\/p>\n<p>2. Kodeks Cywilny \u2013 ustawa z dnia 23 kwietnia 1964 r. (Dz. U. Nr 16, poz. 93 ze zm.);<\/p>\n<p>3. Regulamin \u2013 niniejszy Regulamin \u015bwiadczenia us\u0142ug drog\u0105 elektroniczn\u0105 w ramach sklepu internetowego Audio-Systems.com.pl;<\/p>\n<p>4. Sklep internetowy (Sklep) \u2013 serwis internetowy dost\u0119pny pod www.audio-systems.com.pl, za po\u015brednictwem kt\u00f3rego Klient mo\u017ce w szczeg\u00f3lno\u015bci sk\u0142ada\u0107 Zam\u00f3wienia;<\/p>\n<p>5. Towar \u2013 produkty prezentowane w Sklepie Internetowym;<\/p>\n<p>6. Umowa sprzeda\u017cy \u2013 umowa sprzeda\u017cy Towar\u00f3w w rozumieniu Kodeksu Cywilnego, zawarta pomi\u0119dzy firm\u0105 Diginn \u0141ukasz Kaczmarek a Klientem, zawierana z wykorzystaniem serwisu internetowego Sklepu;<\/p>\n<p>7. Ustawa o szczeg\u00f3lnych warunkach sprzeda\u017cy konsumenckiej \u2013 ustawa z dnia 27 lipca 2002 r. o szczeg\u00f3lnych warunkach sprzeda\u017cy konsumenckiej oraz o zmianie Kodeksu Cywilnego (Dz. U. Nr 141, poz. 1176 ze zm.);<\/p>\n<p>8. Ustawa o \u015bwiadczeniu us\u0142ug drog\u0105 elektroniczn\u0105 \u2013 ustawa z dnia 18 lipca 2002 r. o \u015bwiadczeniu us\u0142ug drog\u0105 elektroniczn\u0105 (Dz. U. Nr 144, poz. 1204 ze zm.);<\/p>\n<p>9. Zam\u00f3wienie \u2013 o\u015bwiadczenie woli Klienta, zmierzaj\u0105ce bezpo\u015brednio do zawarcia Umowy sprzeda\u017cy, okre\u015blaj\u0105ce w szczeg\u00f3lno\u015bci rodzaj i liczb\u0119 Towaru.<\/p>\n<p>&nbsp;<\/p>\n<p>II. Postanowienia og\u00f3lne<\/p>\n<p>2.1. Niniejszy Regulamin okre\u015bla zasady korzystania ze sklepu internetowego dost\u0119pnego pod www.audio-systems.com.pl.<\/p>\n<p>2.2. Niniejszy Regulamin jest regulaminem, o kt\u00f3rym mowa w art. 8 Ustawy o \u015bwiadczeniu us\u0142ug drog\u0105 elektroniczn\u0105.<\/p>\n<p>2.3. Sklep internetowy, dzia\u0142aj\u0105cy pod www.audio-systems.com.pl, prowadzony jest przez firm\u0119: ,<\/p>\n<p>Diginn \u0141ukasz Kaczmarek<\/p>\n<p>ul. Kingi 60T<\/p>\n<p>41-711 Ruda \u015al\u0105ska<\/p>\n<p>NIP: 6412361609<\/p>\n<p>2.4. Niniejszy Regulamin okre\u015bla w szczeg\u00f3lno\u015bci:<\/p>\n<p>a.) zasady dokonywania rejestracji i korzystania z konta w ramach sklepu internetowego;<\/p>\n<p>b.) warunki i zasady sk\u0142adania drog\u0105 elektroniczn\u0105 Zam\u00f3wie\u0144 w ramach sklepu internetowego;<\/p>\n<p>c.) zasady zawierania Um\u00f3w sprzeda\u017cy z wykorzystaniem us\u0142ug \u015bwiadczonych w ramach Sklepu Internetowego.<\/p>\n<p>2.5. Klienci mog\u0105 uzyska\u0107 dost\u0119p do niniejszego Regulaminu w ka\u017cdym czasie za po\u015brednictwem odsy\u0142acza zamieszczonego na stronie g\u0142\u00f3wnej serwisu www.audio-systems.com.pl.<\/p>\n<p>2.6. Informacje o Towarach podane na stronach internetowych Sklepu, w szczeg\u00f3lno\u015bci ich opisy, parametry techniczne i u\u017cytkowe oraz ceny, stanowi\u0105 zaproszenie do zawarcia umowy, w rozumieniu art. 71 Kodeksu Cywilnego.<\/p>\n<p>&nbsp;<\/p>\n<p>III. Zasady korzystania ze Sklepu Internetowego<\/p>\n<p>3.1. Warunkiem rozpocz\u0119cia korzystania ze Sklepu internetowego jest rejestracja w jego ramach.<\/p>\n<p>3.2. Rejestracja nast\u0119puje poprzez wype\u0142nienie i zaakceptowanie formularza rejestracyjnego, udost\u0119pnianego na jednej ze stron Sklepu.<\/p>\n<p>3.3. Warunkiem rejestracji jest wyra\u017cenie zgody na tre\u015b\u0107 Regulaminu oraz podanie danych osobowych oznaczonych jako obowi\u0105zkowe.<\/p>\n<p>3.4. Administrator mo\u017ce pozbawi\u0107 Klienta prawa do korzystania ze Sklepu Internetowego, jak r\u00f3wnie\u017c mo\u017ce ograniczy\u0107 jego dost\u0119p do cz\u0119\u015bci lub ca\u0142o\u015bci zasob\u00f3w Sklepu Internetowego, ze skutkiem natychmiastowym, w przypadku naruszenia przez Klienta Regulaminu, a w szczeg\u00f3lno\u015bci, gdy Klient:<\/p>\n<p>a.) poda\u0142 w trakcie rejestracji w sklepie internetowym dane niezgodne z prawd\u0105, niedok\u0142adne lub nieaktualne, wprowadzaj\u0105ce w b\u0142\u0105d lub naruszaj\u0105ce prawa os\u00f3b trzecich,<\/p>\n<p>b.) dopu\u015bci\u0142 si\u0119 za po\u015brednictwem sklepu internetowego naruszenia d\u00f3br osobistych os\u00f3b trzecich, w szczeg\u00f3lno\u015bci d\u00f3br osobistych innych klient\u00f3w sklepu internetowego,<\/p>\n<p>c.) dopu\u015bci si\u0119 innych zachowa\u0144, kt\u00f3re zostan\u0105 uznane przez Administartora za zachowania niezgodne z obowi\u0105zuj\u0105cymi przepisami prawa lub og\u00f3lnymi zasadami korzystania z sieci Internet lub godz\u0105ce w dobre imi\u0119 podmiotu prowadz\u0105cego.<\/p>\n<p>3.5. Osoba, kt\u00f3ra zosta\u0142a pozbawiona prawa do korzystania ze sklepu internetowego, nie mo\u017ce dokona\u0107 powt\u00f3rnej rejestracji.<\/p>\n<p>3.6. W celu zapewnienia bezpiecze\u0144stwa przekazu komunikat\u00f3w i danych w zwi\u0105zku ze \u015bwiadczonymi w ramach Witryny us\u0142ugami, Sklep internetowy podejmuje \u015brodki techniczne i organizacyjne odpowiednie do stopnia zagro\u017cenia bezpiecze\u0144stwa \u015bwiadczonych us\u0142ug, w szczeg\u00f3lno\u015bci \u015brodki s\u0142u\u017c\u0105ce zapobieganiu pozyskiwania i modyfikacji przez osoby nieuprawnione danych osobowych przesy\u0142anych w Internecie.<\/p>\n<p>3.7. Klient zobowi\u0105zany jest w szczeg\u00f3lno\u015bci do:<\/p>\n<p>a.) niedostarczania i nieprzekazywania tre\u015bci zabronionych przez przepisy prawa, np. tre\u015bci propaguj\u0105cych przemoc, znies\u0142awiaj\u0105cych lub naruszaj\u0105cych dobra osobiste i inne prawa os\u00f3b trzecich,<\/p>\n<p>b.) korzystania ze Sklepu internetowego w spos\u00f3b nie zak\u0142\u00f3caj\u0105cy jego funkcjonowania, w szczeg\u00f3lno\u015bci poprzez u\u017cycie okre\u015blonego oprogramowania lub urz\u0105dze\u0144,<\/p>\n<p>c.) niepodejmowania dzia\u0142a\u0144 takich jak: rozsy\u0142anie lub umieszczanie w ramach Sklepu internetowego niezam\u00f3wionej informacji handlowej (spam),<\/p>\n<p>d.) korzystania ze Sklepu internetowego w spos\u00f3b nieuci\u0105\u017cliwy dla innych klient\u00f3w,<\/p>\n<p>e.) korzystania z wszelkich tre\u015bci zamieszczonych w ramach Sklepu internetowego jedynie w zakresie w\u0142asnego u\u017cytku osobistego,<\/p>\n<p>f.) korzystania ze Sklepu internetowego w spos\u00f3b zgodny z przepisami obowi\u0105zuj\u0105cego na terytorium Rzeczypospolitej Polskiej prawa, postanowieniami Regulaminu, a tak\u017ce z og\u00f3lnymi zasadami korzystania z sieci Internet.<\/p>\n<p>&nbsp;<\/p>\n<p>IV. Procedura zawarcia Umowy sprzeda\u017cy<\/p>\n<p>4.1. W celu zawarcia Umowy sprzeda\u017cy za po\u015brednictwem Sklepu internetowego nale\u017cy wej\u015b\u0107 na stron\u0119 internetow\u0105 www.audio-systems.com.pl, dokona\u0107 wyboru towaru, podejmuj\u0105c kolejne czynno\u015bci techniczne w oparciu o wy\u015bwietlane Klientowi komunikaty oraz informacje dost\u0119pne na stronie.<\/p>\n<p>4.2. Wyb\u00f3r zamawianych Towar\u00f3w przez Klienta jest dokonywany poprzez ich dodanie do koszyka.<\/p>\n<p>4.3. W trakcie sk\u0142adania Zam\u00f3wienia \u2013 do momentu naci\u015bni\u0119cia przycisku \u201eZamawiam\u201d \u2013 Klient ma mo\u017cliwo\u015b\u0107 modyfikacji wprowadzonych danych oraz w zakresie wyboru Towaru. W tym celu nale\u017cy kierowa\u0107 si\u0119 wy\u015bwietlanymi Klientowi komunikatami oraz informacjami dost\u0119pnymi na stronie.<\/p>\n<p>4.4. Po podaniu przez Klienta korzystaj\u0105cego ze Sklepu internetowego wszystkich niezb\u0119dnych danych, wy\u015bwietlone zostanie podsumowanie z\u0142o\u017conego Zam\u00f3wienia. Podsumowanie z\u0142o\u017conego Zam\u00f3wienia b\u0119dzie zawiera\u0107 informacje dotycz\u0105ce:<\/p>\n<p>a.) przedmiotu zam\u00f3wienia,<\/p>\n<p>b.) jednostkowej oraz \u0142\u0105cznej ceny zamawianych produkt\u00f3w lub us\u0142ug, w tym koszt\u00f3w dostawy oraz dodatkowych koszt\u00f3w (je\u015bli wyst\u0119puj\u0105),<\/p>\n<p>c.) wybranej metody p\u0142atno\u015bci,<\/p>\n<p>d.) wybranego sposobu dostawy.<\/p>\n<p>4.5. W celu wys\u0142ania Zam\u00f3wienia konieczne jest dokonanie akceptacji tre\u015bci Regulaminu, podanie danych osobowych oznaczonych jako obowi\u0105zkowe oraz naci\u015bni\u0119cie przycisku \u201eZ\u0142\u00f3\u017c zam\u00f3wienie\u201d.<\/p>\n<p>4.6. Wys\u0142anie przez Klienta Zam\u00f3wienia stanowi o\u015bwiadczenie woli zawarcia Umowy sprzeda\u017cy, zgodnie z tre\u015bci\u0105 Regulaminu.<\/p>\n<p>&nbsp;<\/p>\n<p>V. Dostawa<\/p>\n<p>5.1. Dostawa Towar\u00f3w jest ograniczona do obszaru Rzeczpospolitej Polskiej i odbywa si\u0119 pod adres wskazany przez Klienta w trakcie sk\u0142adania Zam\u00f3wienia.<\/p>\n<p>5.2. Dostawa zam\u00f3wionych Towar\u00f3w odbywa si\u0119 transportem w\u0142asnym, przesy\u0142k\u0105 kuriersk\u0105. Dodatkowo koszty dostawy zostan\u0105 wskazane w czasie sk\u0142adania Zam\u00f3wienia.<\/p>\n<p>5.3. Termin realizacji dostawy wynosi do 7 dni roboczych licz\u0105c od dnia wys\u0142ania przez Klienta Zam\u00f3wienia.<\/p>\n<p>5.4. Klienci mog\u0105 uzyska\u0107 dost\u0119p do niniejszego Regulaminu w ka\u017cdym czasie za po\u015brednictwem odsy\u0142acza zamieszczonego na stronie g\u0142\u00f3wnej serwisu www.audio-systems.com.pl.<\/p>\n<p>&nbsp;<\/p>\n<p>VI. Ceny i metody p\u0142atno\u015bci<\/p>\n<p>6.1. Ceny Towar\u00f3w podawane s\u0105 w z\u0142otych polskich i zawieraj\u0105 wszystkie sk\u0142adniki, w tym podatek VAT (z wyr\u00f3\u017cnieniem wysoko\u015bci stawki), c\u0142a oraz wszelkie inne sk\u0142adniki<\/p>\n<p>6.2. Klient ma mo\u017cliwo\u015b\u0107 uiszczenia ceny:<\/p>\n<p>a.) przelewem na numer konta bankowego,<\/p>\n<p>b.) p\u0142atno\u015bci\u0105 w systemie,<\/p>\n<p>&nbsp;<\/p>\n<p>VII. Uprawnienie do odst\u0105pienia od umowy<\/p>\n<p>7.1. Klientowi, b\u0119d\u0105cemu konsumentem w rozumieniu art. 221 Kodeksu Cywilnego, przys\u0142uguje \u2013 na podstawie przepis\u00f3w prawa \u2013 prawo do odst\u0105pienia od umowy zawartej na odleg\u0142o\u015b\u0107, bez podania przyczyny, sk\u0142adaj\u0105c stosowne o\u015bwiadczenie na pi\u015bmie, w terminie 14 dni i wysy\u0142aj\u0105c je na adres www.audio-systems.com.pl podany w niniejszym Regulaminie.<\/p>\n<p>7.2. Termin 14-dniowy liczy si\u0119 od dnia, w kt\u00f3rym nast\u0105pi\u0142o dostarczenie Towaru.<\/p>\n<p>7.3. W przypadku odst\u0105pienia od umowy zawartej na odleg\u0142o\u015b\u0107, umowa jest uwa\u017cana za niezawart\u0105. To, co strony \u015bwiadczy\u0142y, ulega zwrotowi w stanie niezmienionym, chyba \u017ce zmiana by\u0142a konieczna w granicach zwyk\u0142ego zarz\u0105du. Zwrot powinien nast\u0105pi\u0107 niezw\u0142ocznie, nie p\u00f3\u017aniej ni\u017c w terminie 14 dni. Zakupiony towaru nale\u017cy zwr\u00f3ci\u0107 na poni\u017cszy adres:<\/p>\n<p>Diginn \u0141ukasz Kaczmarek<\/p>\n<p>ul. Kingi 60T<\/p>\n<p>41-711 Ruda \u015al\u0105ska<\/p>\n<p>7.5. Zwracany przez Klienta Towar powinien zosta\u0107 opakowany w odpowiedni spos\u00f3b, zapewniaj\u0105cy brak uszkodze\u0144 przesy\u0142ki w trakcie transportu.<\/p>\n<p>7.6. Koszt opakowania i odes\u0142ania towaru ponosi Klient.<\/p>\n<p>&nbsp;<\/p>\n<p>VIII. Reklamacje dotycz\u0105ce Towar\u00f3w<\/p>\n<p>8.1. Sprzedawca odpowiada wobec Klienta b\u0119d\u0105cego konsumentem w rozumieniu art. 221 Kodeksu Cywilnego, za niezgodno\u015b\u0107 z Umow\u0105 sprzeda\u017cy Towaru zakupionego przez tego konsumenta, w zakresie okre\u015blonym Ustaw\u0105 o szczeg\u00f3lnych warunkach sprzeda\u017cy konsumenckiej.<\/p>\n<p>8.2. Reklamacje, wynikaj\u0105ce z naruszenia praw Klienta gwarantowanych prawnie, lub na podstawie niniejszego Regulaminu, nale\u017cy kierowa\u0107 na adres info@diginn.pl. Podmiot zobowi\u0105zuje si\u0119 do rozpatrzenia ka\u017cdej reklamacji w terminie do 14 dni, a gdyby to nie by\u0142o mo\u017cliwe, do poinformowania w tym okresie Klienta, kiedy reklamacja zostanie rozpatrzona.<\/p>\n<p>&nbsp;<\/p>\n<p>IX. Postanowienia ko\u0144cowe<\/p>\n<p>10.1. Rozstrzyganie ewentualnych spor\u00f3w powsta\u0142ych pomi\u0119dzy podmiotem prowadz\u0105cym sklep internetowy a Klientem, kt\u00f3ry jest konsumentem w rozumieniu art. 221 Kodeksu Cywilnego, zostaje poddane s\u0105dom w\u0142a\u015bciwym zgodnie z postanowieniami w\u0142a\u015bciwych przepis\u00f3w Kodeksu post\u0119powania cywilnego.<\/p>\n<p>10.2. Rozstrzyganie ewentualnych spor\u00f3w powsta\u0142ych pomi\u0119dzy podmiotem prowadz\u0105cym sklep internetowy a Klientem, kt\u00f3ry nie jest konsumentem w rozumieniu art. 221 Kodeksu Cywilnego Kodeksu Cywilnego, zostaje poddane s\u0105dowi w\u0142a\u015bciwemu ze wzgl\u0119du na siedzib\u0119 podmiotu prowadz\u0105cego sklep internetowy.<\/p>\n<p>10.3. W sprawach nieuregulowanych w niniejszym Regulaminie maj\u0105 zastosowanie przepisy Kodeksu cywilnego, przepisy Ustawy o \u015bwiadczeniu us\u0142ug drog\u0105 elektroniczn\u0105 oraz inne w\u0142a\u015bciwe przepisy prawa polskiego.<\/p>\n\n\t\t<\/div>\n\t<\/div>\n<\/div><\/div><\/div><\/div>","protected":false},"excerpt":{"rendered":"Regulamin sklepu internetowego: Audio-Systems.com.pl &nbsp; I. Definicje U\u017cyte w Regulaminie poj\u0119cia oznaczaj\u0105: 1. Klient \u2013 osoba fizyczna, osoba prawna lub jednostka organizacyjna nie b\u0119d\u0105c\u0105 osob\u0105 prawn\u0105, kt\u00f3rej przepisy szczeg\u00f3lne przyznaj\u0105 zdolno\u015b\u0107 prawn\u0105, kt\u00f3ra dokonuje Zam\u00f3wienia w ramach Sklepu; 2. Kodeks Cywilny \u2013 ustawa z dnia 23 kwietnia 1964 r. (Dz. U. Nr 16, poz. 93 ze zm.); 3. Regulamin \u2013 niniejszy Regulamin \u015bwiadczenia us\u0142ug drog\u0105 elektroniczn\u0105 w ramach sklepu internetowego Audio-Systems.com.pl; 4. Sklep internetowy (Sklep) \u2013 serwis internetowy dost\u0119pny pod www.audio-systems.com.pl, za po\u015brednictwem kt\u00f3rego Klient mo\u017ce w szczeg\u00f3lno\u015bci sk\u0142ada\u0107 Zam\u00f3wienia; 5. Towar \u2013 produkty prezentowane w Sklepie Internetowym; 6. Umowa sprzeda\u017cy \u2013 umowa sprzeda\u017cy Towar\u00f3w w rozumieniu Kodeksu Cywilnego, zawarta pomi\u0119dzy firm\u0105 Diginn \u0141ukasz Kaczmarek a Klientem, zawierana z wykorzystaniem serwisu internetowego Sklepu; 7. Ustawa o szczeg\u00f3lnych warunkach sprzeda\u017cy konsumenckiej \u2013 ustawa z dnia 27 lipca 2002 r. o szczeg\u00f3lnych warunkach sprzeda\u017cy konsumenckiej oraz o zmianie Kodeksu Cywilnego (Dz. U.&hellip; <a class=\"read-more-link\" href=\"https:\/\/audio-systems.com.pl\/en\/terms-conditions\/\">Read More<\/a>","protected":false},"author":4,"featured_media":0,"parent":0,"menu_order":0,"comment_status":"closed","ping_status":"closed","template":"","meta":{"_acf_changed":false,"footnotes":""},"acf":[],"yoast_head":"<!-- This site is optimized with the Yoast SEO plugin v23.6 - https:\/\/yoast.com\/wordpress\/plugins\/seo\/ -->\n<title>Regulamin - Audio Systems<\/title>\n<meta name=\"robots\" content=\"index, follow, max-snippet:-1, max-image-preview:large, max-video-preview:-1\" \/>\n<link rel=\"canonical\" href=\"https:\/\/audio-systems.com.pl\/en\/terms-conditions\/\" \/>\n<meta property=\"og:locale\" content=\"en_US\" \/>\n<meta property=\"og:type\" content=\"article\" \/>\n<meta property=\"og:title\" content=\"Regulamin - Audio Systems\" \/>\n<meta property=\"og:url\" content=\"https:\/\/audio-systems.com.pl\/en\/terms-conditions\/\" \/>\n<meta property=\"og:site_name\" content=\"Audio Systems\" \/>\n<meta property=\"article:modified_time\" content=\"2023-09-11T17:11:40+00:00\" \/>\n<script type=\"application\/ld+json\" class=\"yoast-schema-graph\">{\"@context\":\"https:\/\/schema.org\",\"@graph\":[{\"@type\":\"WebPage\",\"@id\":\"https:\/\/audio-systems.com.pl\/terms-conditions\/\",\"url\":\"https:\/\/audio-systems.com.pl\/terms-conditions\/\",\"name\":\"Regulamin - Audio Systems\",\"isPartOf\":{\"@id\":\"https:\/\/audio-systems.com.pl\/#website\"},\"datePublished\":\"2019-02-15T06:23:25+00:00\",\"dateModified\":\"2023-09-11T17:11:40+00:00\",\"breadcrumb\":{\"@id\":\"https:\/\/audio-systems.com.pl\/terms-conditions\/#breadcrumb\"},\"inLanguage\":\"en-US\",\"potentialAction\":[{\"@type\":\"ReadAction\",\"target\":[\"https:\/\/audio-systems.com.pl\/terms-conditions\/\"]}]},{\"@type\":\"BreadcrumbList\",\"@id\":\"https:\/\/audio-systems.com.pl\/terms-conditions\/#breadcrumb\",\"itemListElement\":[{\"@type\":\"ListItem\",\"position\":1,\"name\":\"Strona g\u0142\u00f3wna\",\"item\":\"https:\/\/audio-systems.com.pl\/\"},{\"@type\":\"ListItem\",\"position\":2,\"name\":\"Regulamin\"}]},{\"@type\":\"WebSite\",\"@id\":\"https:\/\/audio-systems.com.pl\/#website\",\"url\":\"https:\/\/audio-systems.com.pl\/\",\"name\":\"Audio Systems\",\"description\":\"Industrial Audio Solutions\",\"publisher\":{\"@id\":\"https:\/\/audio-systems.com.pl\/#organization\"},\"potentialAction\":[{\"@type\":\"SearchAction\",\"target\":{\"@type\":\"EntryPoint\",\"urlTemplate\":\"https:\/\/audio-systems.com.pl\/?s={search_term_string}\"},\"query-input\":{\"@type\":\"PropertyValueSpecification\",\"valueRequired\":true,\"valueName\":\"search_term_string\"}}],\"inLanguage\":\"en-US\"},{\"@type\":\"Organization\",\"@id\":\"https:\/\/audio-systems.com.pl\/#organization\",\"name\":\"Diginn\",\"url\":\"https:\/\/audio-systems.com.pl\/\",\"logo\":{\"@type\":\"ImageObject\",\"inLanguage\":\"en-US\",\"@id\":\"https:\/\/audio-systems.com.pl\/#\/schema\/logo\/image\/\",\"url\":\"https:\/\/audio-systems.com.pl\/wp-content\/uploads\/dig_logo_w.jpg\",\"contentUrl\":\"https:\/\/audio-systems.com.pl\/wp-content\/uploads\/dig_logo_w.jpg\",\"width\":512,\"height\":512,\"caption\":\"Diginn\"},\"image\":{\"@id\":\"https:\/\/audio-systems.com.pl\/#\/schema\/logo\/image\/\"}}]}<\/script>\n<!-- \/ Yoast SEO plugin. -->","yoast_head_json":{"title":"Regulamin - Audio Systems","robots":{"index":"index","follow":"follow","max-snippet":"max-snippet:-1","max-image-preview":"max-image-preview:large","max-video-preview":"max-video-preview:-1"},"canonical":"https:\/\/audio-systems.com.pl\/en\/terms-conditions\/","og_locale":"en_US","og_type":"article","og_title":"Regulamin - Audio Systems","og_url":"https:\/\/audio-systems.com.pl\/en\/terms-conditions\/","og_site_name":"Audio Systems","article_modified_time":"2023-09-11T17:11:40+00:00","schema":{"@context":"https:\/\/schema.org","@graph":[{"@type":"WebPage","@id":"https:\/\/audio-systems.com.pl\/terms-conditions\/","url":"https:\/\/audio-systems.com.pl\/terms-conditions\/","name":"Regulamin - Audio Systems","isPartOf":{"@id":"https:\/\/audio-systems.com.pl\/#website"},"datePublished":"2019-02-15T06:23:25+00:00","dateModified":"2023-09-11T17:11:40+00:00","breadcrumb":{"@id":"https:\/\/audio-systems.com.pl\/terms-conditions\/#breadcrumb"},"inLanguage":"en-US","potentialAction":[{"@type":"ReadAction","target":["https:\/\/audio-systems.com.pl\/terms-conditions\/"]}]},{"@type":"BreadcrumbList","@id":"https:\/\/audio-systems.com.pl\/terms-conditions\/#breadcrumb","itemListElement":[{"@type":"ListItem","position":1,"name":"Strona g\u0142\u00f3wna","item":"https:\/\/audio-systems.com.pl\/"},{"@type":"ListItem","position":2,"name":"Regulamin"}]},{"@type":"WebSite","@id":"https:\/\/audio-systems.com.pl\/#website","url":"https:\/\/audio-systems.com.pl\/","name":"Audio Systems","description":"Industrial Audio Solutions","publisher":{"@id":"https:\/\/audio-systems.com.pl\/#organization"},"potentialAction":[{"@type":"SearchAction","target":{"@type":"EntryPoint","urlTemplate":"https:\/\/audio-systems.com.pl\/?s={search_term_string}"},"query-input":{"@type":"PropertyValueSpecification","valueRequired":true,"valueName":"search_term_string"}}],"inLanguage":"en-US"},{"@type":"Organization","@id":"https:\/\/audio-systems.com.pl\/#organization","name":"Diginn","url":"https:\/\/audio-systems.com.pl\/","logo":{"@type":"ImageObject","inLanguage":"en-US","@id":"https:\/\/audio-systems.com.pl\/#\/schema\/logo\/image\/","url":"https:\/\/audio-systems.com.pl\/wp-content\/uploads\/dig_logo_w.jpg","contentUrl":"https:\/\/audio-systems.com.pl\/wp-content\/uploads\/dig_logo_w.jpg","width":512,"height":512,"caption":"Diginn"},"image":{"@id":"https:\/\/audio-systems.com.pl\/#\/schema\/logo\/image\/"}}]}},"_links":{"self":[{"href":"https:\/\/audio-systems.com.pl\/en\/wp-json\/wp\/v2\/pages\/9344"}],"collection":[{"href":"https:\/\/audio-systems.com.pl\/en\/wp-json\/wp\/v2\/pages"}],"about":[{"href":"https:\/\/audio-systems.com.pl\/en\/wp-json\/wp\/v2\/types\/page"}],"author":[{"embeddable":true,"href":"https:\/\/audio-systems.com.pl\/en\/wp-json\/wp\/v2\/users\/4"}],"replies":[{"embeddable":true,"href":"https:\/\/audio-systems.com.pl\/en\/wp-json\/wp\/v2\/comments?post=9344"}],"version-history":[{"count":7,"href":"https:\/\/audio-systems.com.pl\/en\/wp-json\/wp\/v2\/pages\/9344\/revisions"}],"predecessor-version":[{"id":11703,"href":"https:\/\/audio-systems.com.pl\/en\/wp-json\/wp\/v2\/pages\/9344\/revisions\/11703"}],"wp:attachment":[{"href":"https:\/\/audio-systems.com.pl\/en\/wp-json\/wp\/v2\/media?parent=9344"}],"curies":[{"name":"wp","href":"https:\/\/api.w.org\/{rel}","templated":true}]}}