{"id":11463,"date":"2021-02-17T20:35:15","date_gmt":"2021-02-17T19:35:15","guid":{"rendered":"http:\/\/audio-systems.com.pl\/?post_type=product&#038;p=11463"},"modified":"2026-01-27T21:13:12","modified_gmt":"2026-01-27T20:13:12","slug":"odtwarzacz-audio-2x10w","status":"publish","type":"product","link":"https:\/\/audio-systems.com.pl\/en\/product\/odtwarzacz-audio-2x10w\/","title":{"rendered":"Audio Player 2x10W"},"content":{"rendered":"<h1 style=\"text-align: center;\"><strong>Industrial MP3 Audio Player with build-in amplifier 2x10W<\/strong><\/h1>\n<p style=\"text-align: left;\">Industrial audio player with a built-in 2x10 Watt amplifier for installation in the customer target application. It is used to listen to music in MP3 format. The device can be controlled by buttons, master device equipped with RS232 interface or in unattended mode. The files played are stored on SD memory card (SDHC).<\/p>\n<p>The player is equipped with connectors for an SD card, configuration jumpers, 10 binary inputs.<\/p>\n<p>&nbsp;<\/p>\n<p style=\"text-align: left;\">Examples of the use of the player:<\/p>\n<ul>\n<li style=\"text-align: left;\">alarm systems,<\/li>\n<li style=\"text-align: left;\">voice messages in buildings,<\/li>\n<li>promotional stands,<\/li>\n<li>museum exhibitions,<\/li>\n<li>kiosk,<\/li>\n<li>entertainment systems,<\/li>\n<li style=\"text-align: left;\">doorbells.<\/li>\n<\/ul>\n<p>&nbsp;<\/p>\n<p>The player has many possible applications, therefore it can be configured in several different modes, such as:<\/p>\n<ul>\n<li>control by buttons START, STOP, NEXT, PREVIOUS, VOL+, VOL-<\/li>\n<li>unattended. After switching on, all songs on the SD card are played,<\/li>\n<li>numbered files, BIN1 input plays 1.mp3 file, BIN2 input plays 2.mp3 file etc.<\/li>\n<li>random play after pressing a button,<\/li>\n<li>RS232 protocol.<\/li>\n<\/ul>\n<p>&nbsp;<\/p>\n<p style=\"text-align: left;\">Product designed and made in Poland.<\/p>\n<p style=\"text-align: left;\"><img loading=\"lazy\" decoding=\"async\" class=\"alignleft\" style=\"height: 116px;\" src=\"http:\/\/audio-systems.com.pl\/wp-content\/uploads\/img\/mip.png\" alt=\"MadeInPoland\" width=\"174\" height=\"240\" \/><\/p>\n<p>&nbsp;<\/p>","protected":false},"excerpt":{"rendered":"<p>The 2 \u00d7 10 Watt industrial audio player is a professional device for listening to audio messages. The files played are stored on SD memory card (SDHC). The device can be controlled by buttons, master device equipped with RS232 interface or in unattended mode.<\/p>","protected":false},"featured_media":11464,"template":"","meta":{"_acf_changed":false},"product_cat":[110],"product_tag":[],"acf":[],"yoast_head":"<!-- This site is optimized with the Yoast SEO plugin v23.6 - https:\/\/yoast.com\/wordpress\/plugins\/seo\/ -->\n<title>Odtwarzacz Audio 2x10W - Audio Systems<\/title>\n<meta name=\"robots\" content=\"index, follow, max-snippet:-1, max-image-preview:large, max-video-preview:-1\" \/>\n<link rel=\"canonical\" href=\"https:\/\/audio-systems.com.pl\/en\/product\/odtwarzacz-audio-2x10w\/\" \/>\n<meta property=\"og:locale\" content=\"en_US\" \/>\n<meta property=\"og:type\" content=\"article\" \/>\n<meta property=\"og:title\" content=\"Odtwarzacz Audio 2x10W - Audio Systems\" \/>\n<meta property=\"og:description\" content=\"Przemys\u0142owy odtwarzacz audio 2x10 Watt to profesjonalne urz\u0105dzenie s\u0142u\u017c\u0105ce do ods\u0142uchiwania komunikat\u00f3w d\u017awi\u0119kowych. Odtwarzane pliki s\u0105 umieszczone na karcie pami\u0119ci typu SD (SDHC). Urz\u0105dzeniem mo\u017cna sterowa\u0107 przy u\u017cyciu przycisk\u00f3w, nadrz\u0119dnego urz\u0105dzenia wyposa\u017conego w interfejs RS232 lub w trybie bezobs\u0142ugowej pracy.\" \/>\n<meta property=\"og:url\" content=\"https:\/\/audio-systems.com.pl\/en\/product\/odtwarzacz-audio-2x10w\/\" \/>\n<meta property=\"og:site_name\" content=\"Audio Systems\" \/>\n<meta property=\"article:modified_time\" content=\"2026-01-27T20:13:12+00:00\" \/>\n<meta property=\"og:image\" content=\"https:\/\/audio-systems.com.pl\/wp-content\/uploads\/aud_amp1.jpg\" \/>\n\t<meta property=\"og:image:width\" content=\"1920\" \/>\n\t<meta property=\"og:image:height\" content=\"1280\" \/>\n\t<meta property=\"og:image:type\" content=\"image\/jpeg\" \/>\n<script type=\"application\/ld+json\" class=\"yoast-schema-graph\">{\"@context\":\"https:\/\/schema.org\",\"@graph\":[{\"@type\":\"WebPage\",\"@id\":\"https:\/\/audio-systems.com.pl\/produkt\/odtwarzacz-audio-2x10w\/\",\"url\":\"https:\/\/audio-systems.com.pl\/produkt\/odtwarzacz-audio-2x10w\/\",\"name\":\"Odtwarzacz Audio 2x10W - Audio Systems\",\"isPartOf\":{\"@id\":\"https:\/\/audio-systems.com.pl\/#website\"},\"primaryImageOfPage\":{\"@id\":\"https:\/\/audio-systems.com.pl\/produkt\/odtwarzacz-audio-2x10w\/#primaryimage\"},\"image\":{\"@id\":\"https:\/\/audio-systems.com.pl\/produkt\/odtwarzacz-audio-2x10w\/#primaryimage\"},\"thumbnailUrl\":\"https:\/\/audio-systems.com.pl\/wp-content\/uploads\/aud_amp1.jpg\",\"datePublished\":\"2021-02-17T19:35:15+00:00\",\"dateModified\":\"2026-01-27T20:13:12+00:00\",\"breadcrumb\":{\"@id\":\"https:\/\/audio-systems.com.pl\/produkt\/odtwarzacz-audio-2x10w\/#breadcrumb\"},\"inLanguage\":\"en-US\",\"potentialAction\":[{\"@type\":\"ReadAction\",\"target\":[\"https:\/\/audio-systems.com.pl\/produkt\/odtwarzacz-audio-2x10w\/\"]}]},{\"@type\":\"ImageObject\",\"inLanguage\":\"en-US\",\"@id\":\"https:\/\/audio-systems.com.pl\/produkt\/odtwarzacz-audio-2x10w\/#primaryimage\",\"url\":\"https:\/\/audio-systems.com.pl\/wp-content\/uploads\/aud_amp1.jpg\",\"contentUrl\":\"https:\/\/audio-systems.com.pl\/wp-content\/uploads\/aud_amp1.jpg\",\"width\":1920,\"height\":1280},{\"@type\":\"BreadcrumbList\",\"@id\":\"https:\/\/audio-systems.com.pl\/produkt\/odtwarzacz-audio-2x10w\/#breadcrumb\",\"itemListElement\":[{\"@type\":\"ListItem\",\"position\":1,\"name\":\"Strona g\u0142\u00f3wna\",\"item\":\"https:\/\/audio-systems.com.pl\/\"},{\"@type\":\"ListItem\",\"position\":2,\"name\":\"Sklep\",\"item\":\"https:\/\/audio-systems.com.pl\/sklep\/\"},{\"@type\":\"ListItem\",\"position\":3,\"name\":\"Odtwarzacz Audio 2x10W\"}]},{\"@type\":\"WebSite\",\"@id\":\"https:\/\/audio-systems.com.pl\/#website\",\"url\":\"https:\/\/audio-systems.com.pl\/\",\"name\":\"Audio Systems\",\"description\":\"Industrial Audio Solutions\",\"publisher\":{\"@id\":\"https:\/\/audio-systems.com.pl\/#organization\"},\"potentialAction\":[{\"@type\":\"SearchAction\",\"target\":{\"@type\":\"EntryPoint\",\"urlTemplate\":\"https:\/\/audio-systems.com.pl\/?s={search_term_string}\"},\"query-input\":{\"@type\":\"PropertyValueSpecification\",\"valueRequired\":true,\"valueName\":\"search_term_string\"}}],\"inLanguage\":\"en-US\"},{\"@type\":\"Organization\",\"@id\":\"https:\/\/audio-systems.com.pl\/#organization\",\"name\":\"Diginn\",\"url\":\"https:\/\/audio-systems.com.pl\/\",\"logo\":{\"@type\":\"ImageObject\",\"inLanguage\":\"en-US\",\"@id\":\"https:\/\/audio-systems.com.pl\/#\/schema\/logo\/image\/\",\"url\":\"https:\/\/audio-systems.com.pl\/wp-content\/uploads\/dig_logo_w.jpg\",\"contentUrl\":\"https:\/\/audio-systems.com.pl\/wp-content\/uploads\/dig_logo_w.jpg\",\"width\":512,\"height\":512,\"caption\":\"Diginn\"},\"image\":{\"@id\":\"https:\/\/audio-systems.com.pl\/#\/schema\/logo\/image\/\"}}]}<\/script>\n<!-- \/ Yoast SEO plugin. -->","yoast_head_json":{"title":"Odtwarzacz Audio 2x10W - Audio Systems","robots":{"index":"index","follow":"follow","max-snippet":"max-snippet:-1","max-image-preview":"max-image-preview:large","max-video-preview":"max-video-preview:-1"},"canonical":"https:\/\/audio-systems.com.pl\/en\/product\/odtwarzacz-audio-2x10w\/","og_locale":"en_US","og_type":"article","og_title":"Odtwarzacz Audio 2x10W - Audio Systems","og_description":"Przemys\u0142owy odtwarzacz audio 2x10 Watt to profesjonalne urz\u0105dzenie s\u0142u\u017c\u0105ce do ods\u0142uchiwania komunikat\u00f3w d\u017awi\u0119kowych. Odtwarzane pliki s\u0105 umieszczone na karcie pami\u0119ci typu SD (SDHC). Urz\u0105dzeniem mo\u017cna sterowa\u0107 przy u\u017cyciu przycisk\u00f3w, nadrz\u0119dnego urz\u0105dzenia wyposa\u017conego w interfejs RS232 lub w trybie bezobs\u0142ugowej pracy.","og_url":"https:\/\/audio-systems.com.pl\/en\/product\/odtwarzacz-audio-2x10w\/","og_site_name":"Audio Systems","article_modified_time":"2026-01-27T20:13:12+00:00","og_image":[{"width":1920,"height":1280,"url":"https:\/\/audio-systems.com.pl\/wp-content\/uploads\/aud_amp1.jpg","type":"image\/jpeg"}],"schema":{"@context":"https:\/\/schema.org","@graph":[{"@type":"WebPage","@id":"https:\/\/audio-systems.com.pl\/produkt\/odtwarzacz-audio-2x10w\/","url":"https:\/\/audio-systems.com.pl\/produkt\/odtwarzacz-audio-2x10w\/","name":"Odtwarzacz Audio 2x10W - Audio Systems","isPartOf":{"@id":"https:\/\/audio-systems.com.pl\/#website"},"primaryImageOfPage":{"@id":"https:\/\/audio-systems.com.pl\/produkt\/odtwarzacz-audio-2x10w\/#primaryimage"},"image":{"@id":"https:\/\/audio-systems.com.pl\/produkt\/odtwarzacz-audio-2x10w\/#primaryimage"},"thumbnailUrl":"https:\/\/audio-systems.com.pl\/wp-content\/uploads\/aud_amp1.jpg","datePublished":"2021-02-17T19:35:15+00:00","dateModified":"2026-01-27T20:13:12+00:00","breadcrumb":{"@id":"https:\/\/audio-systems.com.pl\/produkt\/odtwarzacz-audio-2x10w\/#breadcrumb"},"inLanguage":"en-US","potentialAction":[{"@type":"ReadAction","target":["https:\/\/audio-systems.com.pl\/produkt\/odtwarzacz-audio-2x10w\/"]}]},{"@type":"ImageObject","inLanguage":"en-US","@id":"https:\/\/audio-systems.com.pl\/produkt\/odtwarzacz-audio-2x10w\/#primaryimage","url":"https:\/\/audio-systems.com.pl\/wp-content\/uploads\/aud_amp1.jpg","contentUrl":"https:\/\/audio-systems.com.pl\/wp-content\/uploads\/aud_amp1.jpg","width":1920,"height":1280},{"@type":"BreadcrumbList","@id":"https:\/\/audio-systems.com.pl\/produkt\/odtwarzacz-audio-2x10w\/#breadcrumb","itemListElement":[{"@type":"ListItem","position":1,"name":"Strona g\u0142\u00f3wna","item":"https:\/\/audio-systems.com.pl\/"},{"@type":"ListItem","position":2,"name":"Sklep","item":"https:\/\/audio-systems.com.pl\/sklep\/"},{"@type":"ListItem","position":3,"name":"Odtwarzacz Audio 2x10W"}]},{"@type":"WebSite","@id":"https:\/\/audio-systems.com.pl\/#website","url":"https:\/\/audio-systems.com.pl\/","name":"Audio Systems","description":"Industrial Audio Solutions","publisher":{"@id":"https:\/\/audio-systems.com.pl\/#organization"},"potentialAction":[{"@type":"SearchAction","target":{"@type":"EntryPoint","urlTemplate":"https:\/\/audio-systems.com.pl\/?s={search_term_string}"},"query-input":{"@type":"PropertyValueSpecification","valueRequired":true,"valueName":"search_term_string"}}],"inLanguage":"en-US"},{"@type":"Organization","@id":"https:\/\/audio-systems.com.pl\/#organization","name":"Diginn","url":"https:\/\/audio-systems.com.pl\/","logo":{"@type":"ImageObject","inLanguage":"en-US","@id":"https:\/\/audio-systems.com.pl\/#\/schema\/logo\/image\/","url":"https:\/\/audio-systems.com.pl\/wp-content\/uploads\/dig_logo_w.jpg","contentUrl":"https:\/\/audio-systems.com.pl\/wp-content\/uploads\/dig_logo_w.jpg","width":512,"height":512,"caption":"Diginn"},"image":{"@id":"https:\/\/audio-systems.com.pl\/#\/schema\/logo\/image\/"}}]}},"_links":{"self":[{"href":"https:\/\/audio-systems.com.pl\/en\/wp-json\/wp\/v2\/product\/11463"}],"collection":[{"href":"https:\/\/audio-systems.com.pl\/en\/wp-json\/wp\/v2\/product"}],"about":[{"href":"https:\/\/audio-systems.com.pl\/en\/wp-json\/wp\/v2\/types\/product"}],"wp:featuredmedia":[{"embeddable":true,"href":"https:\/\/audio-systems.com.pl\/en\/wp-json\/wp\/v2\/media\/11464"}],"wp:attachment":[{"href":"https:\/\/audio-systems.com.pl\/en\/wp-json\/wp\/v2\/media?parent=11463"}],"wp:term":[{"taxonomy":"product_cat","embeddable":true,"href":"https:\/\/audio-systems.com.pl\/en\/wp-json\/wp\/v2\/product_cat?post=11463"},{"taxonomy":"product_tag","embeddable":true,"href":"https:\/\/audio-systems.com.pl\/en\/wp-json\/wp\/v2\/product_tag?post=11463"}],"curies":[{"name":"wp","href":"https:\/\/api.w.org\/{rel}","templated":true}]}}