{"id":11681,"date":"2022-05-20T16:23:51","date_gmt":"2022-05-20T14:23:51","guid":{"rendered":"https:\/\/audio-systems.com.pl\/?post_type=product&#038;p=11681"},"modified":"2026-02-23T12:18:19","modified_gmt":"2026-02-23T11:18:19","slug":"odtwarzacz-audio-1x30w-modbus","status":"publish","type":"product","link":"https:\/\/audio-systems.com.pl\/en\/product\/odtwarzacz-audio-1x30w-modbus\/","title":{"rendered":"Audio Player 1x30W Modbus"},"content":{"rendered":"<h2>Industrial MP3 Player with 1x30W MONO Amplifier and ModBus RS485<\/h2>\n<p>A professional, industrial-grade audio player featuring a built-in <strong>1x30W (Mono)<\/strong>The device is ideal for voice notification systems, where high power and sound clarity are required using a single speaker line.<\/p>\n<p>The player supports high-quality MP3 files (<strong>24-bit, do 320kbit\/s<\/strong>) from SD\/SDHC cards. With support for <strong>ModBus Slave<\/strong> protocol and a wide power supply range of <strong>12V-24V DC<\/strong>the module is an excellent component for smart building systems and industrial automation.<\/p>\n<h3>Advantages and Control Methods<\/h3>\n<p>The device offers flexible integration options:<\/p>\n<ul>\n<li><strong>RS485 ModBus Communication:<\/strong> Full playback control via PLC controllers or SCADA systems.<\/li>\n<li><strong>10 Binary Inputs:<\/strong> Direct triggering of specific messages (e.g., BIN1 input activates 1.mp3).<\/li>\n<li><strong>Autonomous Operation:<\/strong> Maintenance-free mode \u2013 playback starts automatically upon power-up.<\/li>\n<li><strong>Control Buttons:<\/strong> Manual operation capability (Start, Stop, Volume, Next\/Previous).<\/li>\n<\/ul>\n<h3>Key Applications<\/h3>\n<p>The MONO 1x30W version is commonly selected for:<\/p>\n<ul>\n<li><strong>Alarm and Warning Systems:<\/strong> Broadcasting clear voice announcements.<\/li>\n<li><strong>Urban Infrastructure:<\/strong> School bells, announcements in walkways and tunnels.<\/li>\n<li><strong>Exhibitions and Museums:<\/strong> Audio for specific exhibits triggered by motion sensors.<\/li>\n<li><strong>Kiosks and Info-points:<\/strong> User communication in high-noise environments.<\/li>\n<\/ul>\n<h3>Technical Specifications:<\/h3>\n<ul>\n<li>Output Power: <strong>30W (one channel)<\/strong><\/li>\n<li>Power Supply: 12V - 24V DC<\/li>\n<li>Supported Media: SD\/SDHC cards<\/li>\n<li>Interfaces: RS485 (ModBus RTU), 10 Digital Inputs<\/li>\n<li>Configuration: Via on-board jumpers<\/li>\n<\/ul>\n<p><strong>Designed and manufactured in Poland.<\/strong><\/p>\n<p><img loading=\"lazy\" decoding=\"async\" src=\"https:\/\/audio-systems.com.pl\/wp-content\/uploads\/img\/mip.png\" alt=\"Odtwarzacz MP3 ModBus 30W - Wyprodukowano w Polsce\" width=\"174\" height=\"240\" \/><\/p>","protected":false},"excerpt":{"rendered":"<p>Industrial audio player 1x30 Watt is a professional device for listening to audio messages. It is designed for applications that require more music power, industrial 12-24V supply voltage and ModBus protocol.<\/p>","protected":false},"featured_media":11523,"template":"","meta":{"_acf_changed":false},"product_cat":[110],"product_tag":[],"acf":[],"yoast_head":"<!-- This site is optimized with the Yoast SEO plugin v23.6 - https:\/\/yoast.com\/wordpress\/plugins\/seo\/ -->\n<title>Odtwarzacz Audio 1x30W ModBus - Audio Systems<\/title>\n<meta name=\"description\" content=\"Przemys\u0142owy modu\u0142 audio MP3. Wej\u015bcia binarne, RS485, ModBus oraz wysokiej jako\u015bci wzmacniacz 1x30W MONO.\" \/>\n<meta name=\"robots\" content=\"index, follow, max-snippet:-1, max-image-preview:large, max-video-preview:-1\" \/>\n<link rel=\"canonical\" href=\"https:\/\/audio-systems.com.pl\/en\/product\/odtwarzacz-audio-1x30w-modbus\/\" \/>\n<meta property=\"og:locale\" content=\"en_US\" \/>\n<meta property=\"og:type\" content=\"article\" \/>\n<meta property=\"og:title\" content=\"Odtwarzacz Audio 1x30W ModBus - Audio Systems\" \/>\n<meta property=\"og:description\" content=\"Przemys\u0142owy modu\u0142 audio MP3. Wej\u015bcia binarne, RS485, ModBus oraz wysokiej jako\u015bci wzmacniacz 1x30W MONO.\" \/>\n<meta property=\"og:url\" content=\"https:\/\/audio-systems.com.pl\/en\/product\/odtwarzacz-audio-1x30w-modbus\/\" \/>\n<meta property=\"og:site_name\" content=\"Audio Systems\" \/>\n<meta property=\"article:modified_time\" content=\"2026-02-23T11:18:19+00:00\" \/>\n<meta property=\"og:image\" content=\"https:\/\/audio-systems.com.pl\/wp-content\/uploads\/B_01_res.jpg\" \/>\n\t<meta property=\"og:image:width\" content=\"800\" \/>\n\t<meta property=\"og:image:height\" content=\"536\" \/>\n\t<meta property=\"og:image:type\" content=\"image\/jpeg\" \/>\n<script type=\"application\/ld+json\" class=\"yoast-schema-graph\">{\"@context\":\"https:\/\/schema.org\",\"@graph\":[{\"@type\":\"WebPage\",\"@id\":\"https:\/\/audio-systems.com.pl\/produkt\/odtwarzacz-audio-1x30w-modbus\/\",\"url\":\"https:\/\/audio-systems.com.pl\/produkt\/odtwarzacz-audio-1x30w-modbus\/\",\"name\":\"Odtwarzacz Audio 1x30W ModBus - Audio Systems\",\"isPartOf\":{\"@id\":\"https:\/\/audio-systems.com.pl\/#website\"},\"primaryImageOfPage\":{\"@id\":\"https:\/\/audio-systems.com.pl\/produkt\/odtwarzacz-audio-1x30w-modbus\/#primaryimage\"},\"image\":{\"@id\":\"https:\/\/audio-systems.com.pl\/produkt\/odtwarzacz-audio-1x30w-modbus\/#primaryimage\"},\"thumbnailUrl\":\"https:\/\/audio-systems.com.pl\/wp-content\/uploads\/B_01_res.jpg\",\"datePublished\":\"2022-05-20T14:23:51+00:00\",\"dateModified\":\"2026-02-23T11:18:19+00:00\",\"description\":\"Przemys\u0142owy modu\u0142 audio MP3. Wej\u015bcia binarne, RS485, ModBus oraz wysokiej jako\u015bci wzmacniacz 1x30W MONO.\",\"breadcrumb\":{\"@id\":\"https:\/\/audio-systems.com.pl\/produkt\/odtwarzacz-audio-1x30w-modbus\/#breadcrumb\"},\"inLanguage\":\"en-US\",\"potentialAction\":[{\"@type\":\"ReadAction\",\"target\":[\"https:\/\/audio-systems.com.pl\/produkt\/odtwarzacz-audio-1x30w-modbus\/\"]}]},{\"@type\":\"ImageObject\",\"inLanguage\":\"en-US\",\"@id\":\"https:\/\/audio-systems.com.pl\/produkt\/odtwarzacz-audio-1x30w-modbus\/#primaryimage\",\"url\":\"https:\/\/audio-systems.com.pl\/wp-content\/uploads\/B_01_res.jpg\",\"contentUrl\":\"https:\/\/audio-systems.com.pl\/wp-content\/uploads\/B_01_res.jpg\",\"width\":800,\"height\":536},{\"@type\":\"BreadcrumbList\",\"@id\":\"https:\/\/audio-systems.com.pl\/produkt\/odtwarzacz-audio-1x30w-modbus\/#breadcrumb\",\"itemListElement\":[{\"@type\":\"ListItem\",\"position\":1,\"name\":\"Strona g\u0142\u00f3wna\",\"item\":\"https:\/\/audio-systems.com.pl\/\"},{\"@type\":\"ListItem\",\"position\":2,\"name\":\"Sklep\",\"item\":\"https:\/\/audio-systems.com.pl\/sklep\/\"},{\"@type\":\"ListItem\",\"position\":3,\"name\":\"Odtwarzacz Audio 1x30W ModBus\"}]},{\"@type\":\"WebSite\",\"@id\":\"https:\/\/audio-systems.com.pl\/#website\",\"url\":\"https:\/\/audio-systems.com.pl\/\",\"name\":\"Audio Systems\",\"description\":\"Industrial Audio Solutions\",\"publisher\":{\"@id\":\"https:\/\/audio-systems.com.pl\/#organization\"},\"potentialAction\":[{\"@type\":\"SearchAction\",\"target\":{\"@type\":\"EntryPoint\",\"urlTemplate\":\"https:\/\/audio-systems.com.pl\/?s={search_term_string}\"},\"query-input\":{\"@type\":\"PropertyValueSpecification\",\"valueRequired\":true,\"valueName\":\"search_term_string\"}}],\"inLanguage\":\"en-US\"},{\"@type\":\"Organization\",\"@id\":\"https:\/\/audio-systems.com.pl\/#organization\",\"name\":\"Diginn\",\"url\":\"https:\/\/audio-systems.com.pl\/\",\"logo\":{\"@type\":\"ImageObject\",\"inLanguage\":\"en-US\",\"@id\":\"https:\/\/audio-systems.com.pl\/#\/schema\/logo\/image\/\",\"url\":\"https:\/\/audio-systems.com.pl\/wp-content\/uploads\/dig_logo_w.jpg\",\"contentUrl\":\"https:\/\/audio-systems.com.pl\/wp-content\/uploads\/dig_logo_w.jpg\",\"width\":512,\"height\":512,\"caption\":\"Diginn\"},\"image\":{\"@id\":\"https:\/\/audio-systems.com.pl\/#\/schema\/logo\/image\/\"}}]}<\/script>\n<!-- \/ Yoast SEO plugin. -->","yoast_head_json":{"title":"Odtwarzacz Audio 1x30W ModBus - Audio Systems","description":"Przemys\u0142owy modu\u0142 audio MP3. Wej\u015bcia binarne, RS485, ModBus oraz wysokiej jako\u015bci wzmacniacz 1x30W MONO.","robots":{"index":"index","follow":"follow","max-snippet":"max-snippet:-1","max-image-preview":"max-image-preview:large","max-video-preview":"max-video-preview:-1"},"canonical":"https:\/\/audio-systems.com.pl\/en\/product\/odtwarzacz-audio-1x30w-modbus\/","og_locale":"en_US","og_type":"article","og_title":"Odtwarzacz Audio 1x30W ModBus - Audio Systems","og_description":"Przemys\u0142owy modu\u0142 audio MP3. Wej\u015bcia binarne, RS485, ModBus oraz wysokiej jako\u015bci wzmacniacz 1x30W MONO.","og_url":"https:\/\/audio-systems.com.pl\/en\/product\/odtwarzacz-audio-1x30w-modbus\/","og_site_name":"Audio Systems","article_modified_time":"2026-02-23T11:18:19+00:00","og_image":[{"width":800,"height":536,"url":"https:\/\/audio-systems.com.pl\/wp-content\/uploads\/B_01_res.jpg","type":"image\/jpeg"}],"schema":{"@context":"https:\/\/schema.org","@graph":[{"@type":"WebPage","@id":"https:\/\/audio-systems.com.pl\/produkt\/odtwarzacz-audio-1x30w-modbus\/","url":"https:\/\/audio-systems.com.pl\/produkt\/odtwarzacz-audio-1x30w-modbus\/","name":"Odtwarzacz Audio 1x30W ModBus - Audio Systems","isPartOf":{"@id":"https:\/\/audio-systems.com.pl\/#website"},"primaryImageOfPage":{"@id":"https:\/\/audio-systems.com.pl\/produkt\/odtwarzacz-audio-1x30w-modbus\/#primaryimage"},"image":{"@id":"https:\/\/audio-systems.com.pl\/produkt\/odtwarzacz-audio-1x30w-modbus\/#primaryimage"},"thumbnailUrl":"https:\/\/audio-systems.com.pl\/wp-content\/uploads\/B_01_res.jpg","datePublished":"2022-05-20T14:23:51+00:00","dateModified":"2026-02-23T11:18:19+00:00","description":"Przemys\u0142owy modu\u0142 audio MP3. Wej\u015bcia binarne, RS485, ModBus oraz wysokiej jako\u015bci wzmacniacz 1x30W MONO.","breadcrumb":{"@id":"https:\/\/audio-systems.com.pl\/produkt\/odtwarzacz-audio-1x30w-modbus\/#breadcrumb"},"inLanguage":"en-US","potentialAction":[{"@type":"ReadAction","target":["https:\/\/audio-systems.com.pl\/produkt\/odtwarzacz-audio-1x30w-modbus\/"]}]},{"@type":"ImageObject","inLanguage":"en-US","@id":"https:\/\/audio-systems.com.pl\/produkt\/odtwarzacz-audio-1x30w-modbus\/#primaryimage","url":"https:\/\/audio-systems.com.pl\/wp-content\/uploads\/B_01_res.jpg","contentUrl":"https:\/\/audio-systems.com.pl\/wp-content\/uploads\/B_01_res.jpg","width":800,"height":536},{"@type":"BreadcrumbList","@id":"https:\/\/audio-systems.com.pl\/produkt\/odtwarzacz-audio-1x30w-modbus\/#breadcrumb","itemListElement":[{"@type":"ListItem","position":1,"name":"Strona g\u0142\u00f3wna","item":"https:\/\/audio-systems.com.pl\/"},{"@type":"ListItem","position":2,"name":"Sklep","item":"https:\/\/audio-systems.com.pl\/sklep\/"},{"@type":"ListItem","position":3,"name":"Odtwarzacz Audio 1x30W ModBus"}]},{"@type":"WebSite","@id":"https:\/\/audio-systems.com.pl\/#website","url":"https:\/\/audio-systems.com.pl\/","name":"Audio Systems","description":"Industrial Audio Solutions","publisher":{"@id":"https:\/\/audio-systems.com.pl\/#organization"},"potentialAction":[{"@type":"SearchAction","target":{"@type":"EntryPoint","urlTemplate":"https:\/\/audio-systems.com.pl\/?s={search_term_string}"},"query-input":{"@type":"PropertyValueSpecification","valueRequired":true,"valueName":"search_term_string"}}],"inLanguage":"en-US"},{"@type":"Organization","@id":"https:\/\/audio-systems.com.pl\/#organization","name":"Diginn","url":"https:\/\/audio-systems.com.pl\/","logo":{"@type":"ImageObject","inLanguage":"en-US","@id":"https:\/\/audio-systems.com.pl\/#\/schema\/logo\/image\/","url":"https:\/\/audio-systems.com.pl\/wp-content\/uploads\/dig_logo_w.jpg","contentUrl":"https:\/\/audio-systems.com.pl\/wp-content\/uploads\/dig_logo_w.jpg","width":512,"height":512,"caption":"Diginn"},"image":{"@id":"https:\/\/audio-systems.com.pl\/#\/schema\/logo\/image\/"}}]}},"_links":{"self":[{"href":"https:\/\/audio-systems.com.pl\/en\/wp-json\/wp\/v2\/product\/11681"}],"collection":[{"href":"https:\/\/audio-systems.com.pl\/en\/wp-json\/wp\/v2\/product"}],"about":[{"href":"https:\/\/audio-systems.com.pl\/en\/wp-json\/wp\/v2\/types\/product"}],"wp:featuredmedia":[{"embeddable":true,"href":"https:\/\/audio-systems.com.pl\/en\/wp-json\/wp\/v2\/media\/11523"}],"wp:attachment":[{"href":"https:\/\/audio-systems.com.pl\/en\/wp-json\/wp\/v2\/media?parent=11681"}],"wp:term":[{"taxonomy":"product_cat","embeddable":true,"href":"https:\/\/audio-systems.com.pl\/en\/wp-json\/wp\/v2\/product_cat?post=11681"},{"taxonomy":"product_tag","embeddable":true,"href":"https:\/\/audio-systems.com.pl\/en\/wp-json\/wp\/v2\/product_tag?post=11681"}],"curies":[{"name":"wp","href":"https:\/\/api.w.org\/{rel}","templated":true}]}}